{"id":2583,"date":"2024-04-07T17:24:44","date_gmt":"2024-04-07T15:24:44","guid":{"rendered":"https:\/\/ds-company.fr\/?post_type=product&#038;p=2583"},"modified":"2024-10-30T16:54:31","modified_gmt":"2024-10-30T15:54:31","slug":"blue","status":"publish","type":"product","link":"https:\/\/ds-company.fr\/en\/produit\/blue\/","title":{"rendered":"BLUE"},"content":{"rendered":"<h4>Utilisation<\/h4>\n<p>il suffit de visser la cartouche et la batterie ensemble. Ensuite, faites des tirages lents de quatre \u00e0 cinq secondes. Maintenez la vapeur dans vos poumons le plus longtemps possible pour augmenter les effets. Si vous souhaitez un d\u00e9bit d&#8217;air plus important, vous pouvez d\u00e9visser la cartouche de la batterie en petite quantit\u00e9 (de 1\/8 \u00e0 1\/4 de tour). Le e-pen s&#8217;allume et s&#8217;\u00e9teint automatiquement, vous n&#8217;avez donc pas \u00e0 vous en soucier. Nous vous sugg\u00e9rons d&#8217;avoir une \u00e0 deux fois entre quatre et cinq tirages, d&#8217;attendre dix minutes, et vous souhaitez une relaxation plus importante, vous pouvez renouveler le processus.<\/p>\n<h4>Remplissage<\/h4>\n<p>Les cartouches ne sont pas con\u00e7ues pour \u00eatre recharg\u00e9es. Le remplissage est impossible car nos cartouches sont toutes sc\u00e9ll\u00e9s. \u00a0Lorsque la cartouche est vide, nous vous recommandons de la remplacer par une cartouche neuve.<\/p>\n","protected":false},"excerpt":{"rendered":"<p>&nbsp;<\/p>\n<h4>INGR\u00c9DIENTS<\/h4>\n<p>CO2 extraction de Cannabis Sativa L , Terp\u00e8nes (Blue Dream)<\/p>\n","protected":false},"featured_media":1633,"comment_status":"closed","ping_status":"closed","template":"","meta":{"_acf_changed":false},"product_brand":[],"product_cat":[22],"product_tag":[28],"class_list":{"0":"post-2583","1":"product","2":"type-product","3":"status-publish","4":"has-post-thumbnail","6":"product_cat-vape","7":"product_tag-analyse","9":"first","10":"instock","11":"taxable","12":"shipping-taxable","13":"purchasable","14":"product-type-simple"},"acf":[],"yoast_head":"<!-- This site is optimized with the Yoast SEO plugin v27.6 - https:\/\/yoast.com\/product\/yoast-seo-wordpress\/ -->\n<title>BLUE - Cbd France<\/title>\n<meta name=\"robots\" content=\"index, follow, max-snippet:-1, max-image-preview:large, max-video-preview:-1\" \/>\n<link rel=\"canonical\" href=\"https:\/\/ds-company.fr\/en\/produit\/blue\/\" \/>\n<meta property=\"og:locale\" content=\"en_US\" \/>\n<meta property=\"og:type\" content=\"article\" \/>\n<meta property=\"og:title\" content=\"BLUE - Cbd France\" \/>\n<meta property=\"og:description\" content=\"&nbsp; INGR\u00c9DIENTS CO2 extraction de Cannabis Sativa L , Terp\u00e8nes (Blue Dream)\" \/>\n<meta property=\"og:url\" content=\"https:\/\/ds-company.fr\/en\/produit\/blue\/\" \/>\n<meta property=\"og:site_name\" content=\"Cbd France\" \/>\n<meta property=\"article:modified_time\" content=\"2024-10-30T15:54:31+00:00\" \/>\n<meta property=\"og:image\" content=\"https:\/\/ds-company.fr\/wp-content\/uploads\/2022\/09\/PIPETTE_NOIRE_LOGO_NOIR.png\" \/>\n\t<meta property=\"og:image:width\" content=\"800\" \/>\n\t<meta property=\"og:image:height\" content=\"800\" \/>\n\t<meta property=\"og:image:type\" content=\"image\/png\" \/>\n<meta name=\"twitter:card\" content=\"summary_large_image\" \/>\n<meta name=\"twitter:label1\" content=\"Est. reading time\" \/>\n\t<meta name=\"twitter:data1\" content=\"1 minute\" \/>\n<script type=\"application\/ld+json\" class=\"yoast-schema-graph\">{\"@context\":\"https:\\\/\\\/schema.org\",\"@graph\":[{\"@type\":\"WebPage\",\"@id\":\"https:\\\/\\\/ds-company.fr\\\/en\\\/produit\\\/blue\\\/\",\"url\":\"https:\\\/\\\/ds-company.fr\\\/en\\\/produit\\\/blue\\\/\",\"name\":\"BLUE - Cbd France\",\"isPartOf\":{\"@id\":\"https:\\\/\\\/ds-company.fr\\\/en\\\/#website\"},\"primaryImageOfPage\":{\"@id\":\"https:\\\/\\\/ds-company.fr\\\/en\\\/produit\\\/blue\\\/#primaryimage\"},\"image\":{\"@id\":\"https:\\\/\\\/ds-company.fr\\\/en\\\/produit\\\/blue\\\/#primaryimage\"},\"thumbnailUrl\":\"https:\\\/\\\/ds-company.fr\\\/wp-content\\\/uploads\\\/2022\\\/09\\\/PIPETTE_NOIRE_LOGO_NOIR.png\",\"datePublished\":\"2024-04-07T15:24:44+00:00\",\"dateModified\":\"2024-10-30T15:54:31+00:00\",\"breadcrumb\":{\"@id\":\"https:\\\/\\\/ds-company.fr\\\/en\\\/produit\\\/blue\\\/#breadcrumb\"},\"inLanguage\":\"en-US\",\"potentialAction\":[{\"@type\":\"ReadAction\",\"target\":[\"https:\\\/\\\/ds-company.fr\\\/en\\\/produit\\\/blue\\\/\"]}]},{\"@type\":\"ImageObject\",\"inLanguage\":\"en-US\",\"@id\":\"https:\\\/\\\/ds-company.fr\\\/en\\\/produit\\\/blue\\\/#primaryimage\",\"url\":\"https:\\\/\\\/ds-company.fr\\\/wp-content\\\/uploads\\\/2022\\\/09\\\/PIPETTE_NOIRE_LOGO_NOIR.png\",\"contentUrl\":\"https:\\\/\\\/ds-company.fr\\\/wp-content\\\/uploads\\\/2022\\\/09\\\/PIPETTE_NOIRE_LOGO_NOIR.png\",\"width\":800,\"height\":800},{\"@type\":\"BreadcrumbList\",\"@id\":\"https:\\\/\\\/ds-company.fr\\\/en\\\/produit\\\/blue\\\/#breadcrumb\",\"itemListElement\":[{\"@type\":\"ListItem\",\"position\":1,\"name\":\"Accueil\",\"item\":\"https:\\\/\\\/ds-company.fr\\\/en\\\/\"},{\"@type\":\"ListItem\",\"position\":2,\"name\":\"Store\",\"item\":\"https:\\\/\\\/ds-company.fr\\\/en\\\/store\\\/\"},{\"@type\":\"ListItem\",\"position\":3,\"name\":\"BLUE\"}]},{\"@type\":\"WebSite\",\"@id\":\"https:\\\/\\\/ds-company.fr\\\/en\\\/#website\",\"url\":\"https:\\\/\\\/ds-company.fr\\\/en\\\/\",\"name\":\"Cbd France\",\"description\":\"DS Company\",\"publisher\":{\"@id\":\"https:\\\/\\\/ds-company.fr\\\/en\\\/#organization\"},\"potentialAction\":[{\"@type\":\"SearchAction\",\"target\":{\"@type\":\"EntryPoint\",\"urlTemplate\":\"https:\\\/\\\/ds-company.fr\\\/en\\\/?s={search_term_string}\"},\"query-input\":{\"@type\":\"PropertyValueSpecification\",\"valueRequired\":true,\"valueName\":\"search_term_string\"}}],\"inLanguage\":\"en-US\"},{\"@type\":\"Organization\",\"@id\":\"https:\\\/\\\/ds-company.fr\\\/en\\\/#organization\",\"name\":\"Cbd France\",\"url\":\"https:\\\/\\\/ds-company.fr\\\/en\\\/\",\"logo\":{\"@type\":\"ImageObject\",\"inLanguage\":\"en-US\",\"@id\":\"https:\\\/\\\/ds-company.fr\\\/en\\\/#\\\/schema\\\/logo\\\/image\\\/\",\"url\":\"https:\\\/\\\/ds-company.fr\\\/wp-content\\\/uploads\\\/2021\\\/11\\\/cbd-france-ds-company-logo.svg\",\"contentUrl\":\"https:\\\/\\\/ds-company.fr\\\/wp-content\\\/uploads\\\/2021\\\/11\\\/cbd-france-ds-company-logo.svg\",\"caption\":\"Cbd France\"},\"image\":{\"@id\":\"https:\\\/\\\/ds-company.fr\\\/en\\\/#\\\/schema\\\/logo\\\/image\\\/\"}}]}<\/script>\n<!-- \/ Yoast SEO plugin. -->","yoast_head_json":{"title":"BLUE - Cbd France","robots":{"index":"index","follow":"follow","max-snippet":"max-snippet:-1","max-image-preview":"max-image-preview:large","max-video-preview":"max-video-preview:-1"},"canonical":"https:\/\/ds-company.fr\/en\/produit\/blue\/","og_locale":"en_US","og_type":"article","og_title":"BLUE - Cbd France","og_description":"&nbsp; INGR\u00c9DIENTS CO2 extraction de Cannabis Sativa L , Terp\u00e8nes (Blue Dream)","og_url":"https:\/\/ds-company.fr\/en\/produit\/blue\/","og_site_name":"Cbd France","article_modified_time":"2024-10-30T15:54:31+00:00","og_image":[{"width":800,"height":800,"url":"https:\/\/ds-company.fr\/wp-content\/uploads\/2022\/09\/PIPETTE_NOIRE_LOGO_NOIR.png","type":"image\/png"}],"twitter_card":"summary_large_image","twitter_misc":{"Est. reading time":"1 minute"},"schema":{"@context":"https:\/\/schema.org","@graph":[{"@type":"WebPage","@id":"https:\/\/ds-company.fr\/en\/produit\/blue\/","url":"https:\/\/ds-company.fr\/en\/produit\/blue\/","name":"BLUE - Cbd France","isPartOf":{"@id":"https:\/\/ds-company.fr\/en\/#website"},"primaryImageOfPage":{"@id":"https:\/\/ds-company.fr\/en\/produit\/blue\/#primaryimage"},"image":{"@id":"https:\/\/ds-company.fr\/en\/produit\/blue\/#primaryimage"},"thumbnailUrl":"https:\/\/ds-company.fr\/wp-content\/uploads\/2022\/09\/PIPETTE_NOIRE_LOGO_NOIR.png","datePublished":"2024-04-07T15:24:44+00:00","dateModified":"2024-10-30T15:54:31+00:00","breadcrumb":{"@id":"https:\/\/ds-company.fr\/en\/produit\/blue\/#breadcrumb"},"inLanguage":"en-US","potentialAction":[{"@type":"ReadAction","target":["https:\/\/ds-company.fr\/en\/produit\/blue\/"]}]},{"@type":"ImageObject","inLanguage":"en-US","@id":"https:\/\/ds-company.fr\/en\/produit\/blue\/#primaryimage","url":"https:\/\/ds-company.fr\/wp-content\/uploads\/2022\/09\/PIPETTE_NOIRE_LOGO_NOIR.png","contentUrl":"https:\/\/ds-company.fr\/wp-content\/uploads\/2022\/09\/PIPETTE_NOIRE_LOGO_NOIR.png","width":800,"height":800},{"@type":"BreadcrumbList","@id":"https:\/\/ds-company.fr\/en\/produit\/blue\/#breadcrumb","itemListElement":[{"@type":"ListItem","position":1,"name":"Accueil","item":"https:\/\/ds-company.fr\/en\/"},{"@type":"ListItem","position":2,"name":"Store","item":"https:\/\/ds-company.fr\/en\/store\/"},{"@type":"ListItem","position":3,"name":"BLUE"}]},{"@type":"WebSite","@id":"https:\/\/ds-company.fr\/en\/#website","url":"https:\/\/ds-company.fr\/en\/","name":"Cbd France","description":"DS Company","publisher":{"@id":"https:\/\/ds-company.fr\/en\/#organization"},"potentialAction":[{"@type":"SearchAction","target":{"@type":"EntryPoint","urlTemplate":"https:\/\/ds-company.fr\/en\/?s={search_term_string}"},"query-input":{"@type":"PropertyValueSpecification","valueRequired":true,"valueName":"search_term_string"}}],"inLanguage":"en-US"},{"@type":"Organization","@id":"https:\/\/ds-company.fr\/en\/#organization","name":"Cbd France","url":"https:\/\/ds-company.fr\/en\/","logo":{"@type":"ImageObject","inLanguage":"en-US","@id":"https:\/\/ds-company.fr\/en\/#\/schema\/logo\/image\/","url":"https:\/\/ds-company.fr\/wp-content\/uploads\/2021\/11\/cbd-france-ds-company-logo.svg","contentUrl":"https:\/\/ds-company.fr\/wp-content\/uploads\/2021\/11\/cbd-france-ds-company-logo.svg","caption":"Cbd France"},"image":{"@id":"https:\/\/ds-company.fr\/en\/#\/schema\/logo\/image\/"}}]}},"_links":{"self":[{"href":"https:\/\/ds-company.fr\/en\/wp-json\/wp\/v2\/product\/2583","targetHints":{"allow":["GET"]}}],"collection":[{"href":"https:\/\/ds-company.fr\/en\/wp-json\/wp\/v2\/product"}],"about":[{"href":"https:\/\/ds-company.fr\/en\/wp-json\/wp\/v2\/types\/product"}],"replies":[{"embeddable":true,"href":"https:\/\/ds-company.fr\/en\/wp-json\/wp\/v2\/comments?post=2583"}],"wp:featuredmedia":[{"embeddable":true,"href":"https:\/\/ds-company.fr\/en\/wp-json\/wp\/v2\/media\/1633"}],"wp:attachment":[{"href":"https:\/\/ds-company.fr\/en\/wp-json\/wp\/v2\/media?parent=2583"}],"wp:term":[{"taxonomy":"product_brand","embeddable":true,"href":"https:\/\/ds-company.fr\/en\/wp-json\/wp\/v2\/product_brand?post=2583"},{"taxonomy":"product_cat","embeddable":true,"href":"https:\/\/ds-company.fr\/en\/wp-json\/wp\/v2\/product_cat?post=2583"},{"taxonomy":"product_tag","embeddable":true,"href":"https:\/\/ds-company.fr\/en\/wp-json\/wp\/v2\/product_tag?post=2583"}],"curies":[{"name":"wp","href":"https:\/\/api.w.org\/{rel}","templated":true}]}}