{"id":2265,"date":"2022-05-04T15:01:04","date_gmt":"2022-05-04T13:01:04","guid":{"rendered":"https:\/\/ds-company.fr\/panier\/"},"modified":"2023-11-06T14:56:03","modified_gmt":"2023-11-06T13:56:03","slug":"cart","status":"publish","type":"page","link":"https:\/\/ds-company.fr\/en\/cart\/","title":{"rendered":"Cart"},"content":{"rendered":"\t\t<div data-elementor-type=\"wp-page\" data-elementor-id=\"2265\" class=\"elementor elementor-2265 elementor-268\" data-elementor-post-type=\"page\">\n\t\t\t\t\t\t<section class=\"elementor-section elementor-top-section elementor-element elementor-element-39ba6935 elementor-section-boxed elementor-section-height-default elementor-section-height-default\" data-id=\"39ba6935\" data-element_type=\"section\" data-e-type=\"section\">\n\t\t\t\t\t\t<div class=\"elementor-container elementor-column-gap-default\">\n\t\t\t\t\t<div class=\"elementor-column elementor-col-100 elementor-top-column elementor-element elementor-element-56a3a595\" data-id=\"56a3a595\" data-element_type=\"column\" data-e-type=\"column\">\n\t\t\t<div class=\"elementor-widget-wrap elementor-element-populated\">\n\t\t\t\t\t\t\t<\/div>\n\t\t<\/div>\n\t\t\t\t\t<\/div>\n\t\t<\/section>\n\t\t\t\t<\/div>\n\t\t","protected":false},"excerpt":{"rendered":"<p>Supprimer l\u2019\u00e9l\u00e9ment Miniature Produit Prix Quantit\u00e9 Sous-total &times; E-pen 10,00&nbsp;&euro; quantit\u00e9 de E-pen 10,00&nbsp;&euro; Apply coupon Cart totals Sous-total 10,00&nbsp;&euro; Exp\u00e9dition Colissimo sans signature (gratuit) Les options de livraison seront mises \u00e0 jour lors de la commande. Calculer les frais d\u2019exp\u00e9dition Pays\/r\u00e9gion\u00a0: S\u00e9lectionner un pays\/r\u00e9gion\u2026AfghanistanAfrique du Sud\u00c5land IslandsAlbanieAlg\u00e9rieAllemagneAmerican SamoaAndorreAngolaAnguillaAntarctiqueAntigua-et-BarbudaArabie SaouditeArgentineArm\u00e9nieArubaAustralieAutricheAzerbaijanBahamasBahrainBangladeshBarbadesBelauBelgiqueBelizeBeninBermudesBhutanBi\u00e9lorussieBolivieBosnie-Herz\u00e9govineBotswanaBr\u00e9silBruneiBulgarieBurkina FasoBurundiCambodgeCamerounCanadaCap VertChiliChineChristmas IslandChypreColombieComoresCongo (Brazzaville)Congo (Kinshasa)Cor\u00e9e [&hellip;]<\/p>\n","protected":false},"author":2,"featured_media":0,"parent":0,"menu_order":0,"comment_status":"closed","ping_status":"closed","template":"","meta":{"_acf_changed":false,"footnotes":""},"class_list":["post-2265","page","type-page","status-publish","hentry"],"acf":[],"yoast_head":"<!-- This site is optimized with the Yoast SEO plugin v27.6 - https:\/\/yoast.com\/product\/yoast-seo-wordpress\/ -->\n<title>Cart - Cbd France<\/title>\n<meta name=\"robots\" content=\"index, follow, max-snippet:-1, max-image-preview:large, max-video-preview:-1\" \/>\n<link rel=\"canonical\" href=\"https:\/\/ds-company.fr\/en\/cart\/\" \/>\n<meta property=\"og:locale\" content=\"en_US\" \/>\n<meta property=\"og:type\" content=\"article\" \/>\n<meta property=\"og:title\" content=\"Cart - Cbd France\" \/>\n<meta property=\"og:description\" content=\"Supprimer l\u2019\u00e9l\u00e9ment Miniature Produit Prix Quantit\u00e9 Sous-total &times; E-pen 10,00&nbsp;&euro; quantit\u00e9 de E-pen 10,00&nbsp;&euro; Apply coupon Cart totals Sous-total 10,00&nbsp;&euro; Exp\u00e9dition Colissimo sans signature (gratuit) Les options de livraison seront mises \u00e0 jour lors de la commande. Calculer les frais d\u2019exp\u00e9dition Pays\/r\u00e9gion\u00a0: S\u00e9lectionner un pays\/r\u00e9gion\u2026AfghanistanAfrique du Sud\u00c5land IslandsAlbanieAlg\u00e9rieAllemagneAmerican SamoaAndorreAngolaAnguillaAntarctiqueAntigua-et-BarbudaArabie SaouditeArgentineArm\u00e9nieArubaAustralieAutricheAzerbaijanBahamasBahrainBangladeshBarbadesBelauBelgiqueBelizeBeninBermudesBhutanBi\u00e9lorussieBolivieBosnie-Herz\u00e9govineBotswanaBr\u00e9silBruneiBulgarieBurkina FasoBurundiCambodgeCamerounCanadaCap VertChiliChineChristmas IslandChypreColombieComoresCongo (Brazzaville)Congo (Kinshasa)Cor\u00e9e [&hellip;]\" \/>\n<meta property=\"og:url\" content=\"https:\/\/ds-company.fr\/en\/cart\/\" \/>\n<meta property=\"og:site_name\" content=\"Cbd France\" \/>\n<meta property=\"article:modified_time\" content=\"2023-11-06T13:56:03+00:00\" \/>\n<meta property=\"og:image\" content=\"https:\/\/ds-company.fr\/wp-content\/uploads\/2022\/09\/E-PEN_CHARGEUR_DSCOMPANY-1-300x300.png\" \/>\n<meta name=\"twitter:card\" content=\"summary_large_image\" \/>\n<meta name=\"twitter:label1\" content=\"Est. reading time\" \/>\n\t<meta name=\"twitter:data1\" content=\"3 minutes\" \/>\n<script type=\"application\/ld+json\" class=\"yoast-schema-graph\">{\"@context\":\"https:\\\/\\\/schema.org\",\"@graph\":[{\"@type\":\"WebPage\",\"@id\":\"https:\\\/\\\/ds-company.fr\\\/en\\\/cart\\\/\",\"url\":\"https:\\\/\\\/ds-company.fr\\\/en\\\/cart\\\/\",\"name\":\"Cart - Cbd France\",\"isPartOf\":{\"@id\":\"https:\\\/\\\/ds-company.fr\\\/en\\\/#website\"},\"primaryImageOfPage\":{\"@id\":\"https:\\\/\\\/ds-company.fr\\\/en\\\/cart\\\/#primaryimage\"},\"image\":{\"@id\":\"https:\\\/\\\/ds-company.fr\\\/en\\\/cart\\\/#primaryimage\"},\"thumbnailUrl\":\"https:\\\/\\\/ds-company.fr\\\/wp-content\\\/uploads\\\/2022\\\/09\\\/E-PEN_CHARGEUR_DSCOMPANY-1-300x300.png\",\"datePublished\":\"2022-05-04T13:01:04+00:00\",\"dateModified\":\"2023-11-06T13:56:03+00:00\",\"breadcrumb\":{\"@id\":\"https:\\\/\\\/ds-company.fr\\\/en\\\/cart\\\/#breadcrumb\"},\"inLanguage\":\"en-US\",\"potentialAction\":[{\"@type\":\"ReadAction\",\"target\":[\"https:\\\/\\\/ds-company.fr\\\/en\\\/cart\\\/\"]}]},{\"@type\":\"ImageObject\",\"inLanguage\":\"en-US\",\"@id\":\"https:\\\/\\\/ds-company.fr\\\/en\\\/cart\\\/#primaryimage\",\"url\":\"https:\\\/\\\/ds-company.fr\\\/wp-content\\\/uploads\\\/2022\\\/09\\\/E-PEN_CHARGEUR_DSCOMPANY-1-300x300.png\",\"contentUrl\":\"https:\\\/\\\/ds-company.fr\\\/wp-content\\\/uploads\\\/2022\\\/09\\\/E-PEN_CHARGEUR_DSCOMPANY-1-300x300.png\"},{\"@type\":\"BreadcrumbList\",\"@id\":\"https:\\\/\\\/ds-company.fr\\\/en\\\/cart\\\/#breadcrumb\",\"itemListElement\":[{\"@type\":\"ListItem\",\"position\":1,\"name\":\"Accueil\",\"item\":\"https:\\\/\\\/ds-company.fr\\\/en\\\/\"},{\"@type\":\"ListItem\",\"position\":2,\"name\":\"Cart\"}]},{\"@type\":\"WebSite\",\"@id\":\"https:\\\/\\\/ds-company.fr\\\/en\\\/#website\",\"url\":\"https:\\\/\\\/ds-company.fr\\\/en\\\/\",\"name\":\"Cbd France\",\"description\":\"DS Company\",\"publisher\":{\"@id\":\"https:\\\/\\\/ds-company.fr\\\/en\\\/#organization\"},\"potentialAction\":[{\"@type\":\"SearchAction\",\"target\":{\"@type\":\"EntryPoint\",\"urlTemplate\":\"https:\\\/\\\/ds-company.fr\\\/en\\\/?s={search_term_string}\"},\"query-input\":{\"@type\":\"PropertyValueSpecification\",\"valueRequired\":true,\"valueName\":\"search_term_string\"}}],\"inLanguage\":\"en-US\"},{\"@type\":\"Organization\",\"@id\":\"https:\\\/\\\/ds-company.fr\\\/en\\\/#organization\",\"name\":\"Cbd France\",\"url\":\"https:\\\/\\\/ds-company.fr\\\/en\\\/\",\"logo\":{\"@type\":\"ImageObject\",\"inLanguage\":\"en-US\",\"@id\":\"https:\\\/\\\/ds-company.fr\\\/en\\\/#\\\/schema\\\/logo\\\/image\\\/\",\"url\":\"https:\\\/\\\/ds-company.fr\\\/wp-content\\\/uploads\\\/2021\\\/11\\\/cbd-france-ds-company-logo.svg\",\"contentUrl\":\"https:\\\/\\\/ds-company.fr\\\/wp-content\\\/uploads\\\/2021\\\/11\\\/cbd-france-ds-company-logo.svg\",\"caption\":\"Cbd France\"},\"image\":{\"@id\":\"https:\\\/\\\/ds-company.fr\\\/en\\\/#\\\/schema\\\/logo\\\/image\\\/\"}}]}<\/script>\n<!-- \/ Yoast SEO plugin. -->","yoast_head_json":{"title":"Cart - Cbd France","robots":{"index":"index","follow":"follow","max-snippet":"max-snippet:-1","max-image-preview":"max-image-preview:large","max-video-preview":"max-video-preview:-1"},"canonical":"https:\/\/ds-company.fr\/en\/cart\/","og_locale":"en_US","og_type":"article","og_title":"Cart - Cbd France","og_description":"Supprimer l\u2019\u00e9l\u00e9ment Miniature Produit Prix Quantit\u00e9 Sous-total &times; E-pen 10,00&nbsp;&euro; quantit\u00e9 de E-pen 10,00&nbsp;&euro; Apply coupon Cart totals Sous-total 10,00&nbsp;&euro; Exp\u00e9dition Colissimo sans signature (gratuit) Les options de livraison seront mises \u00e0 jour lors de la commande. Calculer les frais d\u2019exp\u00e9dition Pays\/r\u00e9gion\u00a0: S\u00e9lectionner un pays\/r\u00e9gion\u2026AfghanistanAfrique du Sud\u00c5land IslandsAlbanieAlg\u00e9rieAllemagneAmerican SamoaAndorreAngolaAnguillaAntarctiqueAntigua-et-BarbudaArabie SaouditeArgentineArm\u00e9nieArubaAustralieAutricheAzerbaijanBahamasBahrainBangladeshBarbadesBelauBelgiqueBelizeBeninBermudesBhutanBi\u00e9lorussieBolivieBosnie-Herz\u00e9govineBotswanaBr\u00e9silBruneiBulgarieBurkina FasoBurundiCambodgeCamerounCanadaCap VertChiliChineChristmas IslandChypreColombieComoresCongo (Brazzaville)Congo (Kinshasa)Cor\u00e9e [&hellip;]","og_url":"https:\/\/ds-company.fr\/en\/cart\/","og_site_name":"Cbd France","article_modified_time":"2023-11-06T13:56:03+00:00","og_image":[{"url":"https:\/\/ds-company.fr\/wp-content\/uploads\/2022\/09\/E-PEN_CHARGEUR_DSCOMPANY-1-300x300.png","type":"","width":"","height":""}],"twitter_card":"summary_large_image","twitter_misc":{"Est. reading time":"3 minutes"},"schema":{"@context":"https:\/\/schema.org","@graph":[{"@type":"WebPage","@id":"https:\/\/ds-company.fr\/en\/cart\/","url":"https:\/\/ds-company.fr\/en\/cart\/","name":"Cart - Cbd France","isPartOf":{"@id":"https:\/\/ds-company.fr\/en\/#website"},"primaryImageOfPage":{"@id":"https:\/\/ds-company.fr\/en\/cart\/#primaryimage"},"image":{"@id":"https:\/\/ds-company.fr\/en\/cart\/#primaryimage"},"thumbnailUrl":"https:\/\/ds-company.fr\/wp-content\/uploads\/2022\/09\/E-PEN_CHARGEUR_DSCOMPANY-1-300x300.png","datePublished":"2022-05-04T13:01:04+00:00","dateModified":"2023-11-06T13:56:03+00:00","breadcrumb":{"@id":"https:\/\/ds-company.fr\/en\/cart\/#breadcrumb"},"inLanguage":"en-US","potentialAction":[{"@type":"ReadAction","target":["https:\/\/ds-company.fr\/en\/cart\/"]}]},{"@type":"ImageObject","inLanguage":"en-US","@id":"https:\/\/ds-company.fr\/en\/cart\/#primaryimage","url":"https:\/\/ds-company.fr\/wp-content\/uploads\/2022\/09\/E-PEN_CHARGEUR_DSCOMPANY-1-300x300.png","contentUrl":"https:\/\/ds-company.fr\/wp-content\/uploads\/2022\/09\/E-PEN_CHARGEUR_DSCOMPANY-1-300x300.png"},{"@type":"BreadcrumbList","@id":"https:\/\/ds-company.fr\/en\/cart\/#breadcrumb","itemListElement":[{"@type":"ListItem","position":1,"name":"Accueil","item":"https:\/\/ds-company.fr\/en\/"},{"@type":"ListItem","position":2,"name":"Cart"}]},{"@type":"WebSite","@id":"https:\/\/ds-company.fr\/en\/#website","url":"https:\/\/ds-company.fr\/en\/","name":"Cbd France","description":"DS Company","publisher":{"@id":"https:\/\/ds-company.fr\/en\/#organization"},"potentialAction":[{"@type":"SearchAction","target":{"@type":"EntryPoint","urlTemplate":"https:\/\/ds-company.fr\/en\/?s={search_term_string}"},"query-input":{"@type":"PropertyValueSpecification","valueRequired":true,"valueName":"search_term_string"}}],"inLanguage":"en-US"},{"@type":"Organization","@id":"https:\/\/ds-company.fr\/en\/#organization","name":"Cbd France","url":"https:\/\/ds-company.fr\/en\/","logo":{"@type":"ImageObject","inLanguage":"en-US","@id":"https:\/\/ds-company.fr\/en\/#\/schema\/logo\/image\/","url":"https:\/\/ds-company.fr\/wp-content\/uploads\/2021\/11\/cbd-france-ds-company-logo.svg","contentUrl":"https:\/\/ds-company.fr\/wp-content\/uploads\/2021\/11\/cbd-france-ds-company-logo.svg","caption":"Cbd France"},"image":{"@id":"https:\/\/ds-company.fr\/en\/#\/schema\/logo\/image\/"}}]}},"_links":{"self":[{"href":"https:\/\/ds-company.fr\/en\/wp-json\/wp\/v2\/pages\/2265","targetHints":{"allow":["GET"]}}],"collection":[{"href":"https:\/\/ds-company.fr\/en\/wp-json\/wp\/v2\/pages"}],"about":[{"href":"https:\/\/ds-company.fr\/en\/wp-json\/wp\/v2\/types\/page"}],"author":[{"embeddable":true,"href":"https:\/\/ds-company.fr\/en\/wp-json\/wp\/v2\/users\/2"}],"replies":[{"embeddable":true,"href":"https:\/\/ds-company.fr\/en\/wp-json\/wp\/v2\/comments?post=2265"}],"version-history":[{"count":0,"href":"https:\/\/ds-company.fr\/en\/wp-json\/wp\/v2\/pages\/2265\/revisions"}],"wp:attachment":[{"href":"https:\/\/ds-company.fr\/en\/wp-json\/wp\/v2\/media?parent=2265"}],"curies":[{"name":"wp","href":"https:\/\/api.w.org\/{rel}","templated":true}]}}